{"id":6703,"date":"2024-02-21T15:57:40","date_gmt":"2024-02-21T14:57:40","guid":{"rendered":"https:\/\/topfoc.com\/catalogo\/unkategorisiert\/kamin-g-100-guillotine\/"},"modified":"2024-02-21T15:57:40","modified_gmt":"2024-02-21T14:57:40","slug":"kamin-g-100-guillotine","status":"publish","type":"product","link":"https:\/\/topfoc.com\/de\/tienda\/katalog\/kaminfeuer\/hogares-de\/kamin-g-100-guillotine\/","title":{"rendered":"Kamin G-100 Guillotine"},"content":{"rendered":"<p data-sourcepos=\"5:1-5:20\"><strong>Charaktereigenschaften:<\/strong><\/p>\n<ul data-sourcepos=\"7:1-10:15\">\n<li data-sourcepos=\"7:1-7:31\"><strong>Nennleistung:<\/strong> 15,4 kW<\/li>\n<li data-sourcepos=\"8:1-8:23\"><strong>Ertrag:<\/strong> 76%<\/li>\n<li data-sourcepos=\"9:1-9:30\"><strong>Energieeffizienz:<\/strong> An<\/li>\n<li data-sourcepos=\"10:1-10:15\"><strong>Brennstoff:<\/strong> Brennholz<\/li>\n<li data-sourcepos=\"11:1-11:31\"><strong>Rauchabzug:<\/strong> \u00dcberlegen<\/li>\n<li data-sourcepos=\"12:1-12:21\"><strong>Material:<\/strong> Stahl<\/li>\n<li data-sourcepos=\"13:1-13:28\"><strong>Abmessungen:<\/strong> 102 x 145,5 \/ 160,5 x 51,5 mm<\/li>\n<li data-sourcepos=\"14:1-14:18\"><strong>Gewicht:<\/strong> 245 kg<\/li>\n<li data-sourcepos=\"15:1-16:0\"><strong>Brennstoff:<\/strong> St\u00e4mme bis 600 mm<\/li>\n<li data-sourcepos=\"15:1-16:0\"><strong>Wahlfrei: <\/strong>Eco Silent-Turbine mit Steuerger\u00e4t und Fernbedienung<\/li>\n<\/ul>\n<p data-sourcepos=\"17:1-17:13\"><strong>Vorteile:<\/strong><\/p>\n<ul data-sourcepos=\"19:1-21:115\">\n<li data-sourcepos=\"19:1-19:142\"><strong>Hochleistung:<\/strong> Die G-100-Guillotine hat einen Wirkungsgrad von 76 %, was bedeutet, dass sie die Energie im Kraftstoff optimal nutzt.<\/li>\n<li data-sourcepos=\"20:1-20:149\"><strong>Energieeffizienz:<\/strong> Das Haus ist mit A bewertet, was bedeutet, dass es einen h\u00f6heren Ertrag bringt.<\/li>\n<li data-sourcepos=\"21:1-21:115\"><strong>Schlankes Design:<\/strong> Die G-100 Guillotine hat ein schlankes und modernes Design, das sich in jede Umgebung einf\u00fcgt.<\/li>\n<li data-sourcepos=\"22:1-22:100\"><strong>Gro\u00dfe Heizleistung:<\/strong> Das Haus kann R\u00e4ume von bis zu 160 Quadratmetern heizen.<\/li>\n<li data-sourcepos=\"23:1-23:69\"><strong>Einfach zu bedienen:<\/strong> Die G-100 Guillotine ist einfach zu bedienen und zu warten.<\/li>\n<li data-sourcepos=\"24:1-24:123\"><strong>Duales Verbrennungssystem:<\/strong> Es erm\u00f6glicht eine vollst\u00e4ndigere und effizientere Verbrennung und reduziert die Schadstoffemissionen.<\/li>\n<li data-sourcepos=\"25:1-25:84\"><strong>Hitzebest\u00e4ndiges Glaskeramikglas:<\/strong> Es bietet einen weiten Blick auf das Feuer.<\/li>\n<li data-sourcepos=\"26:1-27:0\"><strong>Verbrennungsluftregelungssystem:<\/strong> Es erm\u00f6glicht Ihnen, die Intensit\u00e4t der Flamme zu steuern.<\/li>\n<\/ul>\n","protected":false},"excerpt":{"rendered":"<p><strong>Die G-100 Guillotine von Carbel ist ein Panorama-Holzkamin mit Guillotine-T\u00fcr, ideal f\u00fcr die Beheizung von R\u00e4umen bis zu 160 Quadratmetern.<\/strong><\/p>\n","protected":false},"featured_media":6077,"comment_status":"closed","ping_status":"closed","template":"","meta":{"site-sidebar-layout":"default","site-content-layout":"","ast-site-content-layout":"default","site-content-style":"default","site-sidebar-style":"default","ast-global-header-display":"","ast-banner-title-visibility":"","ast-main-header-display":"","ast-hfb-above-header-display":"","ast-hfb-below-header-display":"","ast-hfb-mobile-header-display":"","site-post-title":"","ast-breadcrumbs-content":"","ast-featured-img":"","footer-sml-layout":"","theme-transparent-header-meta":"default","adv-header-id-meta":"","stick-header-meta":"","header-above-stick-meta":"","header-main-stick-meta":"","header-below-stick-meta":"","astra-migrate-meta-layouts":"default","ast-page-background-enabled":"default","ast-page-background-meta":{"desktop":{"background-color":"","background-image":"","background-repeat":"repeat","background-position":"center center","background-size":"auto","background-attachment":"scroll","background-type":"","background-media":"","overlay-type":"","overlay-color":"","overlay-opacity":"","overlay-gradient":""},"tablet":{"background-color":"","background-image":"","background-repeat":"repeat","background-position":"center center","background-size":"auto","background-attachment":"scroll","background-type":"","background-media":"","overlay-type":"","overlay-color":"","overlay-opacity":"","overlay-gradient":""},"mobile":{"background-color":"","background-image":"","background-repeat":"repeat","background-position":"center center","background-size":"auto","background-attachment":"scroll","background-type":"","background-media":"","overlay-type":"","overlay-color":"","overlay-opacity":"","overlay-gradient":""}},"ast-content-background-meta":{"desktop":{"background-color":"var(--ast-global-color-5)","background-image":"","background-repeat":"repeat","background-position":"center center","background-size":"auto","background-attachment":"scroll","background-type":"","background-media":"","overlay-type":"","overlay-color":"","overlay-opacity":"","overlay-gradient":""},"tablet":{"background-color":"var(--ast-global-color-5)","background-image":"","background-repeat":"repeat","background-position":"center center","background-size":"auto","background-attachment":"scroll","background-type":"","background-media":"","overlay-type":"","overlay-color":"","overlay-opacity":"","overlay-gradient":""},"mobile":{"background-color":"var(--ast-global-color-5)","background-image":"","background-repeat":"repeat","background-position":"center center","background-size":"auto","background-attachment":"scroll","background-type":"","background-media":"","overlay-type":"","overlay-color":"","overlay-opacity":"","overlay-gradient":""}}},"pwb-brand":[74],"product_brand":[],"product_cat":[181,127,118],"product_tag":[],"class_list":{"0":"post-6703","1":"product","2":"type-product","3":"status-publish","4":"has-post-thumbnail","6":"pwb-brand-carbel","7":"product_cat-hogares-de","8":"product_cat-kaminfeuer","9":"product_cat-katalog","10":"desktop-align-left","11":"tablet-align-left","12":"mobile-align-left","14":"first","15":"instock","16":"shipping-taxable","17":"product-type-simple"},"brands":[{"id":74,"name":"CARBEL","slug":"carbel"}],"_links":{"self":[{"href":"https:\/\/topfoc.com\/de\/wp-json\/wp\/v2\/product\/6703","targetHints":{"allow":["GET"]}}],"collection":[{"href":"https:\/\/topfoc.com\/de\/wp-json\/wp\/v2\/product"}],"about":[{"href":"https:\/\/topfoc.com\/de\/wp-json\/wp\/v2\/types\/product"}],"replies":[{"embeddable":true,"href":"https:\/\/topfoc.com\/de\/wp-json\/wp\/v2\/comments?post=6703"}],"version-history":[{"count":0,"href":"https:\/\/topfoc.com\/de\/wp-json\/wp\/v2\/product\/6703\/revisions"}],"wp:featuredmedia":[{"embeddable":true,"href":"https:\/\/topfoc.com\/de\/wp-json\/wp\/v2\/media\/6077"}],"wp:attachment":[{"href":"https:\/\/topfoc.com\/de\/wp-json\/wp\/v2\/media?parent=6703"}],"wp:term":[{"taxonomy":"pwb-brand","embeddable":true,"href":"https:\/\/topfoc.com\/de\/wp-json\/wp\/v2\/pwb-brand?post=6703"},{"taxonomy":"product_brand","embeddable":true,"href":"https:\/\/topfoc.com\/de\/wp-json\/wp\/v2\/product_brand?post=6703"},{"taxonomy":"product_cat","embeddable":true,"href":"https:\/\/topfoc.com\/de\/wp-json\/wp\/v2\/product_cat?post=6703"},{"taxonomy":"product_tag","embeddable":true,"href":"https:\/\/topfoc.com\/de\/wp-json\/wp\/v2\/product_tag?post=6703"}],"curies":[{"name":"wp","href":"https:\/\/api.w.org\/{rel}","templated":true}]}}