{"id":6705,"date":"2024-02-21T16:15:06","date_gmt":"2024-02-21T15:15:06","guid":{"rendered":"https:\/\/topfoc.com\/catalogo\/unkategorisiert\/holzofen-mit-atlas-ofen\/"},"modified":"2024-02-21T16:15:06","modified_gmt":"2024-02-21T15:15:06","slug":"holzofen-mit-atlas-ofen","status":"publish","type":"product","link":"https:\/\/topfoc.com\/de\/tienda\/katalog\/kaminfeuer\/kaminofen-brennholz\/holzofen-mit-atlas-ofen\/","title":{"rendered":"Holzofen mit Atlas-Ofen"},"content":{"rendered":"<p data-sourcepos=\"5:1-5:20\"><strong>Charaktereigenschaften:<\/strong><\/p>\n<ul data-sourcepos=\"7:1-13:26\">\n<li data-sourcepos=\"7:1-7:29\"><strong>Nennleistung:<\/strong> 10 kW<\/li>\n<li data-sourcepos=\"8:1-8:23\"><strong>Ertrag:<\/strong> 84%<\/li>\n<li data-sourcepos=\"9:1-9:31\"><strong>Energieeffizienz:<\/strong> A+<\/li>\n<li data-sourcepos=\"10:1-10:23\"><strong>Brennstoff:<\/strong> Brennholz<\/li>\n<li data-sourcepos=\"11:1-11:41\"><strong>Rauchabzug:<\/strong> \u00dcberlegen<\/li>\n<li data-sourcepos=\"12:1-12:38\"><strong>Material:<\/strong> Stahl<\/li>\n<li data-sourcepos=\"13:1-13:26\"><strong>Abmessungen:<\/strong> 1125,4 x 685 x 460 mm<\/li>\n<li data-sourcepos=\"14:1-14:18\"><strong>Gewicht:<\/strong> 175 kg<\/li>\n<li data-sourcepos=\"15:1-15:62\"><strong>Ofen:<\/strong> Edelstahl, mit einem Fassungsverm\u00f6gen von 40 Litern<\/li>\n<li data-sourcepos=\"17:1-17:20\"><strong>Thermometer:<\/strong> Ja<\/li>\n<li data-sourcepos=\"18:1-18:31\"><strong>Glas-Keramik-Glas:<\/strong> Ja<\/li>\n<li data-sourcepos=\"19:1-19:37\"><strong>Duales Verbrennungssystem:<\/strong> Ja<\/li>\n<li data-sourcepos=\"20:1-21:0\"><strong>Regulierung der Verbrennungsluft:<\/strong> Ja<\/li>\n<\/ul>\n<p data-sourcepos=\"22:1-22:13\"><strong>Vorteile:<\/strong><\/p>\n<ul data-sourcepos=\"24:1-25:31\">\n<li data-sourcepos=\"24:1-24:138\"><strong>Hochleistung:<\/strong> Der Atlas-Ofen hat einen Wirkungsgrad von 84 %, was bedeutet, dass er die Energie im Brennstoff optimal nutzt.<\/li>\n<li data-sourcepos=\"25:1-25:31\"><strong>Energieeffizienz:<\/strong> Der Ofen ist mit A+ bewertet, was bedeutet, dass er eine h\u00f6here Leistung bringt.<\/li>\n<li data-sourcepos=\"26:1-26:111\"><strong>Schlankes Design:<\/strong> Der Atlas-Ofen hat ein schlankes und modernes Design, das sich in jede Umgebung einf\u00fcgt.<\/li>\n<li data-sourcepos=\"27:1-27:99\"><strong>Gro\u00dfe Heizleistung:<\/strong> Der Ofen kann R\u00e4ume von bis zu 120 Quadratmetern heizen.<\/li>\n<li data-sourcepos=\"28:1-28:152\"><strong>Integrierter Backofen:<\/strong> Der Atlas-Herd verf\u00fcgt \u00fcber einen integrierten Edelstahlofen mit einem Fassungsverm\u00f6gen von 40 Litern, ideal zum Kochen k\u00f6stlicher Mahlzeiten.<\/li>\n<li data-sourcepos=\"30:1-30:123\"><strong>Duales Verbrennungssystem:<\/strong> Es erm\u00f6glicht eine vollst\u00e4ndigere und effizientere Verbrennung und reduziert die Schadstoffemissionen.<\/li>\n<li data-sourcepos=\"31:1-31:84\"><strong>Hitzebest\u00e4ndiges Glaskeramikglas:<\/strong> Es bietet einen weiten Blick auf das Feuer.<\/li>\n<li data-sourcepos=\"32:1-33:0\"><strong>Verbrennungsluftregelungssystem:<\/strong> Es erm\u00f6glicht Ihnen, die Intensit\u00e4t der Flamme zu steuern.<\/li>\n<\/ul>\n","protected":false},"excerpt":{"rendered":"<p><strong>Der Ofenofen Atlas von Carbel ist ein leistungsstarker Holzofen, der sich ideal f\u00fcr die Zubereitung Ihrer Lieblingsgerichte eignet.<\/strong><\/p>\n","protected":false},"featured_media":6092,"comment_status":"closed","ping_status":"closed","template":"","meta":{"site-sidebar-layout":"default","site-content-layout":"","ast-site-content-layout":"default","site-content-style":"default","site-sidebar-style":"default","ast-global-header-display":"","ast-banner-title-visibility":"","ast-main-header-display":"","ast-hfb-above-header-display":"","ast-hfb-below-header-display":"","ast-hfb-mobile-header-display":"","site-post-title":"","ast-breadcrumbs-content":"","ast-featured-img":"","footer-sml-layout":"","theme-transparent-header-meta":"default","adv-header-id-meta":"","stick-header-meta":"","header-above-stick-meta":"","header-main-stick-meta":"","header-below-stick-meta":"","astra-migrate-meta-layouts":"default","ast-page-background-enabled":"default","ast-page-background-meta":{"desktop":{"background-color":"","background-image":"","background-repeat":"repeat","background-position":"center center","background-size":"auto","background-attachment":"scroll","background-type":"","background-media":"","overlay-type":"","overlay-color":"","overlay-opacity":"","overlay-gradient":""},"tablet":{"background-color":"","background-image":"","background-repeat":"repeat","background-position":"center center","background-size":"auto","background-attachment":"scroll","background-type":"","background-media":"","overlay-type":"","overlay-color":"","overlay-opacity":"","overlay-gradient":""},"mobile":{"background-color":"","background-image":"","background-repeat":"repeat","background-position":"center center","background-size":"auto","background-attachment":"scroll","background-type":"","background-media":"","overlay-type":"","overlay-color":"","overlay-opacity":"","overlay-gradient":""}},"ast-content-background-meta":{"desktop":{"background-color":"var(--ast-global-color-5)","background-image":"","background-repeat":"repeat","background-position":"center center","background-size":"auto","background-attachment":"scroll","background-type":"","background-media":"","overlay-type":"","overlay-color":"","overlay-opacity":"","overlay-gradient":""},"tablet":{"background-color":"var(--ast-global-color-5)","background-image":"","background-repeat":"repeat","background-position":"center center","background-size":"auto","background-attachment":"scroll","background-type":"","background-media":"","overlay-type":"","overlay-color":"","overlay-opacity":"","overlay-gradient":""},"mobile":{"background-color":"var(--ast-global-color-5)","background-image":"","background-repeat":"repeat","background-position":"center center","background-size":"auto","background-attachment":"scroll","background-type":"","background-media":"","overlay-type":"","overlay-color":"","overlay-opacity":"","overlay-gradient":""}}},"pwb-brand":[74],"product_brand":[],"product_cat":[127,157,118],"product_tag":[],"class_list":{"0":"post-6705","1":"product","2":"type-product","3":"status-publish","4":"has-post-thumbnail","6":"pwb-brand-carbel","7":"product_cat-kaminfeuer","8":"product_cat-kaminofen-brennholz","9":"product_cat-katalog","10":"desktop-align-left","11":"tablet-align-left","12":"mobile-align-left","14":"first","15":"instock","16":"shipping-taxable","17":"product-type-simple"},"brands":[{"id":74,"name":"CARBEL","slug":"carbel"}],"_links":{"self":[{"href":"https:\/\/topfoc.com\/de\/wp-json\/wp\/v2\/product\/6705","targetHints":{"allow":["GET"]}}],"collection":[{"href":"https:\/\/topfoc.com\/de\/wp-json\/wp\/v2\/product"}],"about":[{"href":"https:\/\/topfoc.com\/de\/wp-json\/wp\/v2\/types\/product"}],"replies":[{"embeddable":true,"href":"https:\/\/topfoc.com\/de\/wp-json\/wp\/v2\/comments?post=6705"}],"version-history":[{"count":0,"href":"https:\/\/topfoc.com\/de\/wp-json\/wp\/v2\/product\/6705\/revisions"}],"wp:featuredmedia":[{"embeddable":true,"href":"https:\/\/topfoc.com\/de\/wp-json\/wp\/v2\/media\/6092"}],"wp:attachment":[{"href":"https:\/\/topfoc.com\/de\/wp-json\/wp\/v2\/media?parent=6705"}],"wp:term":[{"taxonomy":"pwb-brand","embeddable":true,"href":"https:\/\/topfoc.com\/de\/wp-json\/wp\/v2\/pwb-brand?post=6705"},{"taxonomy":"product_brand","embeddable":true,"href":"https:\/\/topfoc.com\/de\/wp-json\/wp\/v2\/product_brand?post=6705"},{"taxonomy":"product_cat","embeddable":true,"href":"https:\/\/topfoc.com\/de\/wp-json\/wp\/v2\/product_cat?post=6705"},{"taxonomy":"product_tag","embeddable":true,"href":"https:\/\/topfoc.com\/de\/wp-json\/wp\/v2\/product_tag?post=6705"}],"curies":[{"name":"wp","href":"https:\/\/api.w.org\/{rel}","templated":true}]}}