{"id":6576,"date":"2024-02-26T10:53:38","date_gmt":"2024-02-26T09:53:38","guid":{"rendered":"https:\/\/topfoc.com\/catalogo\/non class\u00e9\/poele-a-granules-air-lc-10kw\/"},"modified":"2024-02-26T10:53:38","modified_gmt":"2024-02-26T09:53:38","slug":"poele-a-granules-air-lc-10kw","status":"publish","type":"product","link":"https:\/\/topfoc.com\/fr\/tienda\/offres\/granule\/poeles-fr-2\/poele-a-granules-air-lc-10kw\/","title":{"rendered":"Po\u00eale \u00e0 granul\u00e9s Air LC 10kw"},"content":{"rendered":"<ul>\n<li><strong>Puissance nominale : <\/strong>10 kW<\/li>\n<li><strong>T\u00e9l\u00e9commande: <\/strong>Oui<\/li>\n<li><strong>Sortie de fum\u00e9e : <\/strong>Pr\u00e9c\u00e9dent<\/li>\n<li><strong>Efficacit\u00e9&nbsp;: <\/strong>89.53%<\/li>\n<li><strong>Dimensions : <\/strong>996 x 470 x 476 mm<\/li>\n<li><strong>Poids :<\/strong> 91 kg<\/li>\n<\/ul>\n","protected":false},"excerpt":{"rendered":"<p><strong>Po\u00eale \u00e0 granul\u00e9s Aire LC 10kw avec c\u00f4t\u00e9s en c\u00e9ramique.<\/strong><\/p>\n","protected":false},"featured_media":6340,"comment_status":"closed","ping_status":"closed","template":"","meta":{"site-sidebar-layout":"default","site-content-layout":"","ast-site-content-layout":"default","site-content-style":"default","site-sidebar-style":"default","ast-global-header-display":"","ast-banner-title-visibility":"","ast-main-header-display":"","ast-hfb-above-header-display":"","ast-hfb-below-header-display":"","ast-hfb-mobile-header-display":"","site-post-title":"","ast-breadcrumbs-content":"","ast-featured-img":"","footer-sml-layout":"","theme-transparent-header-meta":"default","adv-header-id-meta":"","stick-header-meta":"","header-above-stick-meta":"","header-main-stick-meta":"","header-below-stick-meta":"","astra-migrate-meta-layouts":"default","ast-page-background-enabled":"default","ast-page-background-meta":{"desktop":{"background-color":"","background-image":"","background-repeat":"repeat","background-position":"center center","background-size":"auto","background-attachment":"scroll","background-type":"","background-media":"","overlay-type":"","overlay-color":"","overlay-opacity":"","overlay-gradient":""},"tablet":{"background-color":"","background-image":"","background-repeat":"repeat","background-position":"center center","background-size":"auto","background-attachment":"scroll","background-type":"","background-media":"","overlay-type":"","overlay-color":"","overlay-opacity":"","overlay-gradient":""},"mobile":{"background-color":"","background-image":"","background-repeat":"repeat","background-position":"center center","background-size":"auto","background-attachment":"scroll","background-type":"","background-media":"","overlay-type":"","overlay-color":"","overlay-opacity":"","overlay-gradient":""}},"ast-content-background-meta":{"desktop":{"background-color":"var(--ast-global-color-5)","background-image":"","background-repeat":"repeat","background-position":"center center","background-size":"auto","background-attachment":"scroll","background-type":"","background-media":"","overlay-type":"","overlay-color":"","overlay-opacity":"","overlay-gradient":""},"tablet":{"background-color":"var(--ast-global-color-5)","background-image":"","background-repeat":"repeat","background-position":"center center","background-size":"auto","background-attachment":"scroll","background-type":"","background-media":"","overlay-type":"","overlay-color":"","overlay-opacity":"","overlay-gradient":""},"mobile":{"background-color":"var(--ast-global-color-5)","background-image":"","background-repeat":"repeat","background-position":"center center","background-size":"auto","background-attachment":"scroll","background-type":"","background-media":"","overlay-type":"","overlay-color":"","overlay-opacity":"","overlay-gradient":""}}},"pwb-brand":[],"product_brand":[],"product_cat":[211,212,134],"product_tag":[],"class_list":{"0":"post-6576","1":"product","2":"type-product","3":"status-publish","4":"has-post-thumbnail","6":"product_cat-granule","7":"product_cat-poeles-fr-2","8":"product_cat-offres","9":"desktop-align-left","10":"tablet-align-left","11":"mobile-align-left","13":"first","14":"instock","15":"shipping-taxable","16":"purchasable","17":"product-type-simple"},"brands":[],"_links":{"self":[{"href":"https:\/\/topfoc.com\/fr\/wp-json\/wp\/v2\/product\/6576","targetHints":{"allow":["GET"]}}],"collection":[{"href":"https:\/\/topfoc.com\/fr\/wp-json\/wp\/v2\/product"}],"about":[{"href":"https:\/\/topfoc.com\/fr\/wp-json\/wp\/v2\/types\/product"}],"replies":[{"embeddable":true,"href":"https:\/\/topfoc.com\/fr\/wp-json\/wp\/v2\/comments?post=6576"}],"version-history":[{"count":0,"href":"https:\/\/topfoc.com\/fr\/wp-json\/wp\/v2\/product\/6576\/revisions"}],"wp:featuredmedia":[{"embeddable":true,"href":"https:\/\/topfoc.com\/fr\/wp-json\/wp\/v2\/media\/6340"}],"wp:attachment":[{"href":"https:\/\/topfoc.com\/fr\/wp-json\/wp\/v2\/media?parent=6576"}],"wp:term":[{"taxonomy":"pwb-brand","embeddable":true,"href":"https:\/\/topfoc.com\/fr\/wp-json\/wp\/v2\/pwb-brand?post=6576"},{"taxonomy":"product_brand","embeddable":true,"href":"https:\/\/topfoc.com\/fr\/wp-json\/wp\/v2\/product_brand?post=6576"},{"taxonomy":"product_cat","embeddable":true,"href":"https:\/\/topfoc.com\/fr\/wp-json\/wp\/v2\/product_cat?post=6576"},{"taxonomy":"product_tag","embeddable":true,"href":"https:\/\/topfoc.com\/fr\/wp-json\/wp\/v2\/product_tag?post=6576"}],"curies":[{"name":"wp","href":"https:\/\/api.w.org\/{rel}","templated":true}]}}