{"id":6583,"date":"2024-02-23T16:52:32","date_gmt":"2024-02-23T15:52:32","guid":{"rendered":"https:\/\/topfoc.com\/catalogo\/non class\u00e9\/loki-eco-70-insert-en-bois-avec-turbine-et-cadre-4l-44mm\/"},"modified":"2024-02-23T16:52:32","modified_gmt":"2024-02-23T15:52:32","slug":"loki-eco-70-insert-en-bois-avec-turbine-et-cadre-4l-44mm","status":"publish","type":"product","link":"https:\/\/topfoc.com\/fr\/tienda\/offres\/feux-de-bois-offres\/cassettes-fr-2\/loki-eco-70-insert-en-bois-avec-turbine-et-cadre-4l-44mm\/","title":{"rendered":"Loki Eco 70 Insert en bois avec turbine et cadre 4L 44mm"},"content":{"rendered":"<p data-sourcepos=\"5:1-5:20\"><strong>Caract\u00e9ristiques:<\/strong><\/p>\n<ul data-sourcepos=\"7:1-13:25\">\n<li data-sourcepos=\"7:1-7:30\"><strong>Puissance nominale :<\/strong> 9,3 kW<\/li>\n<li data-sourcepos=\"8:1-8:25\"><strong>Rendement :<\/strong> 81,1 %<\/li>\n<li data-sourcepos=\"9:1-9:30\"><strong>Rendement \u00e9nerg\u00e9tique:<\/strong> A+<\/li>\n<li data-sourcepos=\"10:1-10:23\"><strong>Combustible:<\/strong> Bois \u00e0 br\u00fbler<\/li>\n<li data-sourcepos=\"11:1-11:41\"><strong>Sortie de fum\u00e9e :<\/strong> Sup\u00e9rieur 180\u00d8<\/li>\n<li data-sourcepos=\"12:1-12:21\"><strong>Mat\u00e9riel:<\/strong> Acier<\/li>\n<li data-sourcepos=\"13:1-13:25\"><strong>Dimensions :<\/strong> 690 x 550 x 470 mm<\/li>\n<li data-sourcepos=\"14:1-14:18\"><strong>Poids :<\/strong> 109 kg<\/li>\n<li data-sourcepos=\"15:1-15:40\"><strong>Combustible:<\/strong> Grumes jusqu\u2019\u00e0 500 mm<\/li>\n<li data-sourcepos=\"15:1-15:40\"><strong>Turbine tangentielle : <\/strong>Oui<\/li>\n<\/ul>\n<p data-sourcepos=\"18:1-18:13\"><strong>Avantages:<\/strong><\/p>\n<ul data-sourcepos=\"20:1-21:99\">\n<li data-sourcepos=\"20:1-20:139\"><strong>Haute performance :<\/strong> Le Loki Eco 70 a un rendement de 81,1 %, ce qui signifie qu\u2019il tire le meilleur parti de l\u2019\u00e9nergie contenue dans le carburant.<\/li>\n<li data-sourcepos=\"21:1-21:99\"><strong>Rendement \u00e9nerg\u00e9tique:<\/strong> L\u2019insert est class\u00e9 A+, ce qui signifie qu\u2019il consomme moins de carburant et offre plus de performances.<\/li>\n<li data-sourcepos=\"22:1-22:110\"><strong>Design \u00e9l\u00e9gant :<\/strong> Le Loki Eco 70 a un design \u00e9pur\u00e9 et moderne qui s\u2019int\u00e8gre dans n\u2019importe quel d\u00e9cor.<\/li>\n<li data-sourcepos=\"23:1-23:103\"><strong>Grande capacit\u00e9 de chauffage&nbsp;:<\/strong> L\u2019insert peut chauffer des espaces jusqu\u2019\u00e0 90 m\u00e8tres carr\u00e9s.<\/li>\n<li data-sourcepos=\"24:1-24:64\"><strong>Facile \u00e0 utiliser :<\/strong> Le Loki Eco 70 est facile \u00e0 utiliser.<\/li>\n<li data-sourcepos=\"25:1-25:123\"><strong>Syst\u00e8me \u00e0 double combustion :<\/strong> Il permet une combustion plus compl\u00e8te et plus efficace, r\u00e9duisant les \u00e9missions polluantes.<\/li>\n<li data-sourcepos=\"26:1-26:84\"><strong>Verre vitroc\u00e9ramique r\u00e9sistant \u00e0 la chaleur :<\/strong> Il offre une large vue sur le feu.<\/li>\n<li data-sourcepos=\"27:1-27:96\"><strong>Syst\u00e8me de r\u00e9gulation de l\u2019air de combustion :<\/strong> Il permet de contr\u00f4ler l\u2019intensit\u00e9 de la flamme.<\/li>\n<li data-sourcepos=\"28:1-29:0\"><strong>Cadre personnalisable :<\/strong> Disponible en diff\u00e9rentes options pour r\u00e9pondre \u00e0 vos besoins.<\/li>\n<\/ul>\n","protected":false},"excerpt":{"rendered":"<p><strong>La cassette \u00e0 bois Loki Eco 70 avec turbine, est un insert haute performance au design \u00e9l\u00e9gant, id\u00e9al pour chauffer des espaces jusqu\u2019\u00e0 90 m\u00e8tres carr\u00e9s.<\/strong><\/p>\n","protected":false},"featured_media":6214,"comment_status":"closed","ping_status":"closed","template":"","meta":{"site-sidebar-layout":"default","site-content-layout":"","ast-site-content-layout":"default","site-content-style":"default","site-sidebar-style":"default","ast-global-header-display":"","ast-banner-title-visibility":"","ast-main-header-display":"","ast-hfb-above-header-display":"","ast-hfb-below-header-display":"","ast-hfb-mobile-header-display":"","site-post-title":"","ast-breadcrumbs-content":"","ast-featured-img":"","footer-sml-layout":"","theme-transparent-header-meta":"default","adv-header-id-meta":"","stick-header-meta":"","header-above-stick-meta":"","header-main-stick-meta":"","header-below-stick-meta":"","astra-migrate-meta-layouts":"default","ast-page-background-enabled":"default","ast-page-background-meta":{"desktop":{"background-color":"","background-image":"","background-repeat":"repeat","background-position":"center center","background-size":"auto","background-attachment":"scroll","background-type":"","background-media":"","overlay-type":"","overlay-color":"","overlay-opacity":"","overlay-gradient":""},"tablet":{"background-color":"","background-image":"","background-repeat":"repeat","background-position":"center center","background-size":"auto","background-attachment":"scroll","background-type":"","background-media":"","overlay-type":"","overlay-color":"","overlay-opacity":"","overlay-gradient":""},"mobile":{"background-color":"","background-image":"","background-repeat":"repeat","background-position":"center center","background-size":"auto","background-attachment":"scroll","background-type":"","background-media":"","overlay-type":"","overlay-color":"","overlay-opacity":"","overlay-gradient":""}},"ast-content-background-meta":{"desktop":{"background-color":"var(--ast-global-color-5)","background-image":"","background-repeat":"repeat","background-position":"center center","background-size":"auto","background-attachment":"scroll","background-type":"","background-media":"","overlay-type":"","overlay-color":"","overlay-opacity":"","overlay-gradient":""},"tablet":{"background-color":"var(--ast-global-color-5)","background-image":"","background-repeat":"repeat","background-position":"center center","background-size":"auto","background-attachment":"scroll","background-type":"","background-media":"","overlay-type":"","overlay-color":"","overlay-opacity":"","overlay-gradient":""},"mobile":{"background-color":"var(--ast-global-color-5)","background-image":"","background-repeat":"repeat","background-position":"center center","background-size":"auto","background-attachment":"scroll","background-type":"","background-media":"","overlay-type":"","overlay-color":"","overlay-opacity":"","overlay-gradient":""}}},"pwb-brand":[],"product_brand":[],"product_cat":[205,141,134],"product_tag":[],"class_list":{"0":"post-6583","1":"product","2":"type-product","3":"status-publish","4":"has-post-thumbnail","6":"product_cat-cassettes-fr-2","7":"product_cat-feux-de-bois-offres","8":"product_cat-offres","9":"desktop-align-left","10":"tablet-align-left","11":"mobile-align-left","13":"first","14":"instock","15":"shipping-taxable","16":"purchasable","17":"product-type-simple"},"brands":[],"_links":{"self":[{"href":"https:\/\/topfoc.com\/fr\/wp-json\/wp\/v2\/product\/6583","targetHints":{"allow":["GET"]}}],"collection":[{"href":"https:\/\/topfoc.com\/fr\/wp-json\/wp\/v2\/product"}],"about":[{"href":"https:\/\/topfoc.com\/fr\/wp-json\/wp\/v2\/types\/product"}],"replies":[{"embeddable":true,"href":"https:\/\/topfoc.com\/fr\/wp-json\/wp\/v2\/comments?post=6583"}],"version-history":[{"count":0,"href":"https:\/\/topfoc.com\/fr\/wp-json\/wp\/v2\/product\/6583\/revisions"}],"wp:featuredmedia":[{"embeddable":true,"href":"https:\/\/topfoc.com\/fr\/wp-json\/wp\/v2\/media\/6214"}],"wp:attachment":[{"href":"https:\/\/topfoc.com\/fr\/wp-json\/wp\/v2\/media?parent=6583"}],"wp:term":[{"taxonomy":"pwb-brand","embeddable":true,"href":"https:\/\/topfoc.com\/fr\/wp-json\/wp\/v2\/pwb-brand?post=6583"},{"taxonomy":"product_brand","embeddable":true,"href":"https:\/\/topfoc.com\/fr\/wp-json\/wp\/v2\/product_brand?post=6583"},{"taxonomy":"product_cat","embeddable":true,"href":"https:\/\/topfoc.com\/fr\/wp-json\/wp\/v2\/product_cat?post=6583"},{"taxonomy":"product_tag","embeddable":true,"href":"https:\/\/topfoc.com\/fr\/wp-json\/wp\/v2\/product_tag?post=6583"}],"curies":[{"name":"wp","href":"https:\/\/api.w.org\/{rel}","templated":true}]}}