{"id":6612,"date":"2024-02-22T18:54:51","date_gmt":"2024-02-22T17:54:51","guid":{"rendered":"https:\/\/topfoc.com\/catalogo\/non class\u00e9\/cassette-de-pellet-square-v9\/"},"modified":"2024-02-22T18:54:51","modified_gmt":"2024-02-22T17:54:51","slug":"cassette-de-pellet-square-v9","status":"publish","type":"product","link":"https:\/\/topfoc.com\/fr\/tienda\/offres\/granule\/cassettes-fr-3\/cassette-de-pellet-square-v9\/","title":{"rendered":"Cassette de pellet Square V9"},"content":{"rendered":"<p data-sourcepos=\"5:1-5:20\"><strong>Caract\u00e9ristiques:<\/strong><\/p>\n<ul data-sourcepos=\"7:1-7:20\">\n<li data-sourcepos=\"7:1-7:20\"><strong>Puissance nominale :<\/strong> 9 kW<\/li>\n<li data-sourcepos=\"8:1-8:22\"><strong>Rendement :<\/strong> 96%<\/li>\n<li data-sourcepos=\"9:1-9:31\"><strong>Rendement \u00e9nerg\u00e9tique:<\/strong> A+<\/li>\n<li data-sourcepos=\"10:1-10:26\"><strong>Combustible:<\/strong> Granul\u00e9s<\/li>\n<li data-sourcepos=\"11:1-11:41\"><strong>Sortie de fum\u00e9e&nbsp;:<\/strong> 80\u00d8<\/li>\n<li data-sourcepos=\"12:1-12:21\"><strong>Mat\u00e9riel:<\/strong> Acier<\/li>\n<li data-sourcepos=\"13:1-13:30\"><strong>Dimensions :<\/strong> 688 x 561 x 573 mm<\/li>\n<li data-sourcepos=\"14:1-14:18\"><strong>Poids :<\/strong> 115 kg<\/li>\n<li data-sourcepos=\"15:1-15:35\"><strong>Capacit\u00e9 du r\u00e9servoir :<\/strong> 10 kg<\/li>\n<\/ul>\n<p data-sourcepos=\"18:1-18:13\"><strong>Avantages:<\/strong><\/p>\n<ul data-sourcepos=\"20:1-22:116\">\n<li data-sourcepos=\"20:1-20:143\"><strong>Haute performance :<\/strong> La cassette Square V9 est efficace \u00e0 96 %, ce qui signifie qu\u2019elle tire le meilleur parti de l\u2019\u00e9nergie contenue dans le carburant.<\/li>\n<li data-sourcepos=\"21:1-21:155\"><strong>Rendement \u00e9nerg\u00e9tique:<\/strong> L\u2019insert est class\u00e9 A+, ce qui signifie qu\u2019il consomme moins de carburant et offre plus de performances.<\/li>\n<li data-sourcepos=\"22:1-22:116\"><strong>Design \u00e9l\u00e9gant :<\/strong> La cassette Square V9 a un design \u00e9l\u00e9gant et moderne qui s\u2019int\u00e8gre dans n\u2019importe quel d\u00e9cor.<\/li>\n<li data-sourcepos=\"23:1-23:105\"><strong>Grande capacit\u00e9 de chauffage&nbsp;:<\/strong> L\u2019insert peut chauffer des espaces jusqu\u2019\u00e0 90 m\u00e8tres carr\u00e9s.<\/li>\n<li data-sourcepos=\"24:1-24:70\"><strong>Facile \u00e0 utiliser :<\/strong> La cassette Square V9 est facile \u00e0 utiliser.<\/li>\n<li data-sourcepos=\"26:1-26:106\"><strong>Horaire quotidien et hebdomadaire :<\/strong> Il permet de programmer le fonctionnement de l\u2019insert en semaine.<\/li>\n<li data-sourcepos=\"27:1-28:0\"><strong>T\u00e9l\u00e9commande:<\/strong> Oui<\/li>\n<li data-sourcepos=\"27:1-28:0\"><strong>Tr\u00e9mie lat\u00e9rale : <\/strong>Permet un acc\u00e8s lat\u00e9ral pour le remplissage du r\u00e9servoir de granul\u00e9s.<\/li>\n<\/ul>\n","protected":false},"excerpt":{"rendered":"<p><strong>La cassette \u00e0 granul\u00e9s carr\u00e9e V9 avec tr\u00e9mie est un insert \u00e0 granul\u00e9s haute performance au design \u00e9l\u00e9gant, id\u00e9al pour chauffer des espaces jusqu\u2019\u00e0 95 m\u00e8tres carr\u00e9s.<\/strong><\/p>\n","protected":false},"featured_media":6199,"comment_status":"closed","ping_status":"closed","template":"","meta":{"site-sidebar-layout":"default","site-content-layout":"","ast-site-content-layout":"default","site-content-style":"default","site-sidebar-style":"default","ast-global-header-display":"","ast-banner-title-visibility":"","ast-main-header-display":"","ast-hfb-above-header-display":"","ast-hfb-below-header-display":"","ast-hfb-mobile-header-display":"","site-post-title":"","ast-breadcrumbs-content":"","ast-featured-img":"","footer-sml-layout":"","theme-transparent-header-meta":"default","adv-header-id-meta":"","stick-header-meta":"","header-above-stick-meta":"","header-main-stick-meta":"","header-below-stick-meta":"","astra-migrate-meta-layouts":"default","ast-page-background-enabled":"default","ast-page-background-meta":{"desktop":{"background-color":"","background-image":"","background-repeat":"repeat","background-position":"center center","background-size":"auto","background-attachment":"scroll","background-type":"","background-media":"","overlay-type":"","overlay-color":"","overlay-opacity":"","overlay-gradient":""},"tablet":{"background-color":"","background-image":"","background-repeat":"repeat","background-position":"center center","background-size":"auto","background-attachment":"scroll","background-type":"","background-media":"","overlay-type":"","overlay-color":"","overlay-opacity":"","overlay-gradient":""},"mobile":{"background-color":"","background-image":"","background-repeat":"repeat","background-position":"center center","background-size":"auto","background-attachment":"scroll","background-type":"","background-media":"","overlay-type":"","overlay-color":"","overlay-opacity":"","overlay-gradient":""}},"ast-content-background-meta":{"desktop":{"background-color":"var(--ast-global-color-5)","background-image":"","background-repeat":"repeat","background-position":"center center","background-size":"auto","background-attachment":"scroll","background-type":"","background-media":"","overlay-type":"","overlay-color":"","overlay-opacity":"","overlay-gradient":""},"tablet":{"background-color":"var(--ast-global-color-5)","background-image":"","background-repeat":"repeat","background-position":"center center","background-size":"auto","background-attachment":"scroll","background-type":"","background-media":"","overlay-type":"","overlay-color":"","overlay-opacity":"","overlay-gradient":""},"mobile":{"background-color":"var(--ast-global-color-5)","background-image":"","background-repeat":"repeat","background-position":"center center","background-size":"auto","background-attachment":"scroll","background-type":"","background-media":"","overlay-type":"","overlay-color":"","overlay-opacity":"","overlay-gradient":""}}},"pwb-brand":[],"product_brand":[],"product_cat":[215,211,134],"product_tag":[],"class_list":{"0":"post-6612","1":"product","2":"type-product","3":"status-publish","4":"has-post-thumbnail","6":"product_cat-cassettes-fr-3","7":"product_cat-granule","8":"product_cat-offres","9":"desktop-align-left","10":"tablet-align-left","11":"mobile-align-left","13":"first","14":"instock","15":"shipping-taxable","16":"purchasable","17":"product-type-simple"},"brands":[],"_links":{"self":[{"href":"https:\/\/topfoc.com\/fr\/wp-json\/wp\/v2\/product\/6612","targetHints":{"allow":["GET"]}}],"collection":[{"href":"https:\/\/topfoc.com\/fr\/wp-json\/wp\/v2\/product"}],"about":[{"href":"https:\/\/topfoc.com\/fr\/wp-json\/wp\/v2\/types\/product"}],"replies":[{"embeddable":true,"href":"https:\/\/topfoc.com\/fr\/wp-json\/wp\/v2\/comments?post=6612"}],"version-history":[{"count":0,"href":"https:\/\/topfoc.com\/fr\/wp-json\/wp\/v2\/product\/6612\/revisions"}],"wp:featuredmedia":[{"embeddable":true,"href":"https:\/\/topfoc.com\/fr\/wp-json\/wp\/v2\/media\/6199"}],"wp:attachment":[{"href":"https:\/\/topfoc.com\/fr\/wp-json\/wp\/v2\/media?parent=6612"}],"wp:term":[{"taxonomy":"pwb-brand","embeddable":true,"href":"https:\/\/topfoc.com\/fr\/wp-json\/wp\/v2\/pwb-brand?post=6612"},{"taxonomy":"product_brand","embeddable":true,"href":"https:\/\/topfoc.com\/fr\/wp-json\/wp\/v2\/product_brand?post=6612"},{"taxonomy":"product_cat","embeddable":true,"href":"https:\/\/topfoc.com\/fr\/wp-json\/wp\/v2\/product_cat?post=6612"},{"taxonomy":"product_tag","embeddable":true,"href":"https:\/\/topfoc.com\/fr\/wp-json\/wp\/v2\/product_tag?post=6612"}],"curies":[{"name":"wp","href":"https:\/\/api.w.org\/{rel}","templated":true}]}}