{"id":6641,"date":"2024-02-22T09:39:50","date_gmt":"2024-02-22T08:39:50","guid":{"rendered":"https:\/\/topfoc.com\/catalogo\/non class\u00e9\/cheminee-a-gaz-tunnel-roma-50\/"},"modified":"2024-02-22T09:39:50","modified_gmt":"2024-02-22T08:39:50","slug":"cheminee-a-gaz-tunnel-roma-50","status":"publish","type":"product","link":"https:\/\/topfoc.com\/fr\/tienda\/offres\/foyers-a-gaz-offres\/cheminees-gaz-offres\/cheminee-a-gaz-tunnel-roma-50\/","title":{"rendered":"Chemin\u00e9e \u00e0 gaz tunnel Roma 50"},"content":{"rendered":"<p data-sourcepos=\"5:1-5:20\"><strong>Caract\u00e9ristiques:<\/strong><\/p>\n<ul data-sourcepos=\"7:1-10:1\">\n<li data-sourcepos=\"7:1-7:48\"><strong>Type de carburant :<\/strong> Gaz naturel ou propane<\/li>\n<li data-sourcepos=\"8:1-8:32\"><strong>Puissance calorifique :<\/strong> 8,3 kW<\/li>\n<li data-sourcepos=\"9:1-9:22\"><strong>Rendement :<\/strong> 77,3 %<\/li>\n<li data-sourcepos=\"10:1-10:1\"><strong>Rendement \u00e9nerg\u00e9tique:<\/strong> \u00c0<\/li>\n<li data-sourcepos=\"11:1-11:41\"><strong>Sortie de fum\u00e9e :<\/strong> Sup\u00e9rieur<\/li>\n<li data-sourcepos=\"12:1-12:30\"><strong>Mat\u00e9riel:<\/strong> Acier et verre<\/li>\n<li data-sourcepos=\"13:1-13:20\"><strong>Dimensions :<\/strong> 1314 x 595 x 401 mm<\/li>\n<\/ul>\n<p data-sourcepos=\"16:1-16:13\"><strong>Avantages:<\/strong><\/p>\n<ul data-sourcepos=\"18:1-21:129\">\n<li data-sourcepos=\"18:1-18:132\"><strong>Design \u00e9pur\u00e9 et moderne :<\/strong> Le foyer Roma 50 Tunnel a un design \u00e9pur\u00e9 et moderne qui s\u2019int\u00e8gre dans n\u2019importe quel d\u00e9cor.<\/li>\n<li data-sourcepos=\"19:1-19:103\"><strong>Grande capacit\u00e9 de chauffage&nbsp;:<\/strong> La chemin\u00e9e peut chauffer des espaces jusqu\u2019\u00e0 80 m\u00e8tres carr\u00e9s.<\/li>\n<li data-sourcepos=\"20:1-20:76\"><strong>Facile \u00e0 utiliser :<\/strong> La chemin\u00e9e Roma 50 Tunnel est facile \u00e0 utiliser et \u00e0 entretenir.<\/li>\n<li data-sourcepos=\"22:1-22:103\"><strong>Vitres avant et arri\u00e8re :<\/strong> Il vous permet de profiter du feu depuis deux environnements.<\/li>\n<\/ul>\n","protected":false},"excerpt":{"rendered":"<p><strong>La chemin\u00e9e \u00e0 gaz Roma 50 Tunnel, sur deux c\u00f4t\u00e9s, est une chemin\u00e9e id\u00e9ale pour cr\u00e9er une atmosph\u00e8re chaleureuse et confortable dans n\u2019importe quelle maison.<\/strong><\/p>\n","protected":false},"featured_media":6163,"comment_status":"closed","ping_status":"closed","template":"","meta":{"site-sidebar-layout":"default","site-content-layout":"","ast-site-content-layout":"default","site-content-style":"default","site-sidebar-style":"default","ast-global-header-display":"","ast-banner-title-visibility":"","ast-main-header-display":"","ast-hfb-above-header-display":"","ast-hfb-below-header-display":"","ast-hfb-mobile-header-display":"","site-post-title":"","ast-breadcrumbs-content":"","ast-featured-img":"","footer-sml-layout":"","theme-transparent-header-meta":"default","adv-header-id-meta":"","stick-header-meta":"","header-above-stick-meta":"","header-main-stick-meta":"","header-below-stick-meta":"","astra-migrate-meta-layouts":"default","ast-page-background-enabled":"default","ast-page-background-meta":{"desktop":{"background-color":"","background-image":"","background-repeat":"repeat","background-position":"center center","background-size":"auto","background-attachment":"scroll","background-type":"","background-media":"","overlay-type":"","overlay-color":"","overlay-opacity":"","overlay-gradient":""},"tablet":{"background-color":"","background-image":"","background-repeat":"repeat","background-position":"center center","background-size":"auto","background-attachment":"scroll","background-type":"","background-media":"","overlay-type":"","overlay-color":"","overlay-opacity":"","overlay-gradient":""},"mobile":{"background-color":"","background-image":"","background-repeat":"repeat","background-position":"center center","background-size":"auto","background-attachment":"scroll","background-type":"","background-media":"","overlay-type":"","overlay-color":"","overlay-opacity":"","overlay-gradient":""}},"ast-content-background-meta":{"desktop":{"background-color":"var(--ast-global-color-5)","background-image":"","background-repeat":"repeat","background-position":"center center","background-size":"auto","background-attachment":"scroll","background-type":"","background-media":"","overlay-type":"","overlay-color":"","overlay-opacity":"","overlay-gradient":""},"tablet":{"background-color":"var(--ast-global-color-5)","background-image":"","background-repeat":"repeat","background-position":"center center","background-size":"auto","background-attachment":"scroll","background-type":"","background-media":"","overlay-type":"","overlay-color":"","overlay-opacity":"","overlay-gradient":""},"mobile":{"background-color":"var(--ast-global-color-5)","background-image":"","background-repeat":"repeat","background-position":"center center","background-size":"auto","background-attachment":"scroll","background-type":"","background-media":"","overlay-type":"","overlay-color":"","overlay-opacity":"","overlay-gradient":""}}},"pwb-brand":[],"product_brand":[],"product_cat":[150,138,134],"product_tag":[165],"class_list":{"0":"post-6641","1":"product","2":"type-product","3":"status-publish","4":"has-post-thumbnail","6":"product_cat-cheminees-gaz-offres","7":"product_cat-foyers-a-gaz-offres","8":"product_cat-offres","9":"product_tag-km0-demonstration-ou-dexposition","10":"desktop-align-left","11":"tablet-align-left","12":"mobile-align-left","14":"first","15":"instock","16":"shipping-taxable","17":"purchasable","18":"product-type-simple"},"brands":[],"_links":{"self":[{"href":"https:\/\/topfoc.com\/fr\/wp-json\/wp\/v2\/product\/6641","targetHints":{"allow":["GET"]}}],"collection":[{"href":"https:\/\/topfoc.com\/fr\/wp-json\/wp\/v2\/product"}],"about":[{"href":"https:\/\/topfoc.com\/fr\/wp-json\/wp\/v2\/types\/product"}],"replies":[{"embeddable":true,"href":"https:\/\/topfoc.com\/fr\/wp-json\/wp\/v2\/comments?post=6641"}],"version-history":[{"count":0,"href":"https:\/\/topfoc.com\/fr\/wp-json\/wp\/v2\/product\/6641\/revisions"}],"wp:featuredmedia":[{"embeddable":true,"href":"https:\/\/topfoc.com\/fr\/wp-json\/wp\/v2\/media\/6163"}],"wp:attachment":[{"href":"https:\/\/topfoc.com\/fr\/wp-json\/wp\/v2\/media?parent=6641"}],"wp:term":[{"taxonomy":"pwb-brand","embeddable":true,"href":"https:\/\/topfoc.com\/fr\/wp-json\/wp\/v2\/pwb-brand?post=6641"},{"taxonomy":"product_brand","embeddable":true,"href":"https:\/\/topfoc.com\/fr\/wp-json\/wp\/v2\/product_brand?post=6641"},{"taxonomy":"product_cat","embeddable":true,"href":"https:\/\/topfoc.com\/fr\/wp-json\/wp\/v2\/product_cat?post=6641"},{"taxonomy":"product_tag","embeddable":true,"href":"https:\/\/topfoc.com\/fr\/wp-json\/wp\/v2\/product_tag?post=6641"}],"curies":[{"name":"wp","href":"https:\/\/api.w.org\/{rel}","templated":true}]}}