{"id":6667,"date":"2024-02-22T09:21:57","date_gmt":"2024-02-22T08:21:57","guid":{"rendered":"https:\/\/topfoc.com\/catalogo\/non class\u00e9\/poele-a-granules-optima-9-2\/"},"modified":"2024-02-22T09:21:57","modified_gmt":"2024-02-22T08:21:57","slug":"poele-a-granules-optima-9-2","status":"publish","type":"product","link":"https:\/\/topfoc.com\/fr\/tienda\/offres\/granule\/poeles-fr-2\/poele-a-granules-optima-9-2\/","title":{"rendered":"Po\u00eale \u00e0 granul\u00e9s Optima 9"},"content":{"rendered":"<p data-sourcepos=\"5:1-5:2\"><strong>Caract\u00e9ristiques:<\/strong><\/p>\n<ul data-sourcepos=\"7:1-10:1\">\n<li data-sourcepos=\"7:1-7:28\"><strong>Puissance nominale :<\/strong> 8,4 kW<\/li>\n<li data-sourcepos=\"8:1-8:23\"><strong>Rendement :<\/strong> 95,4 %<\/li>\n<li data-sourcepos=\"9:1-9:31\"><strong>Rendement \u00e9nerg\u00e9tique:<\/strong> A+<\/li>\n<li data-sourcepos=\"10:1-10:1\"><strong>Combustible:<\/strong> Granule<\/li>\n<li data-sourcepos=\"11:1-11:41\"><strong>Sortie de fum\u00e9e :<\/strong> Pr\u00e9c\u00e9dent<\/li>\n<li data-sourcepos=\"12:1-12:21\"><strong>Mat\u00e9riel:<\/strong> Acier<\/li>\n<li data-sourcepos=\"13:1-13:22\"><strong>Dimensions :<\/strong> 1050 x 520 x 516 mm<\/li>\n<li data-sourcepos=\"14:1-14:18\"><strong>Poids :<\/strong> 110 kg<\/li>\n<li data-sourcepos=\"15:1-15:35\"><strong>Capacit\u00e9 du r\u00e9servoir :<\/strong> 18 kg<\/li>\n<\/ul>\n<p data-sourcepos=\"18:1-18:13\"><strong>Avantages:<\/strong><\/p>\n<ul data-sourcepos=\"20:1-22:55\">\n<li data-sourcepos=\"20:1-20:146\"><strong>Haute performance :<\/strong> Le po\u00eale OPTIMA a un rendement de 95,4 %.<\/li>\n<li data-sourcepos=\"21:1-21:151\"><strong>Rendement \u00e9nerg\u00e9tique:<\/strong> Le po\u00eale est class\u00e9 A+, ce qui signifie qu\u2019il apporte des performances sup\u00e9rieures.<\/li>\n<li data-sourcepos=\"22:1-22:55\"><strong>Design \u00e9l\u00e9gant :<\/strong> Le po\u00eale OPTIMA a un design \u00e9pur\u00e9 et moderne qui s\u2019adapte \u00e0 n\u2019importe quel environnement.<\/li>\n<li data-sourcepos=\"23:1-23:101\"><strong>Grande capacit\u00e9 de chauffage&nbsp;:<\/strong> Le po\u00eale peut chauffer des espaces allant jusqu\u2019\u00e0 110 m\u00e8tres carr\u00e9s.<\/li>\n<li data-sourcepos=\"24:1-24:73\"><strong>Facile \u00e0 utiliser :<\/strong> Le po\u00eale OPTIMA est facile \u00e0 utiliser et \u00e0 entretenir.<\/li>\n<li data-sourcepos=\"26:1-26:81\"><strong>Planificateur hebdomadaire :<\/strong> Il vous permet de programmer le po\u00eale pour qu\u2019il s\u2019allume et s\u2019\u00e9teigne.<\/li>\n<li data-sourcepos=\"27:1-27:65\"><strong>T\u00e9l\u00e9commande:<\/strong> Optionnel<\/li>\n<\/ul>\n","protected":false},"excerpt":{"rendered":"<p><strong>Le po\u00eale \u00e0 granul\u00e9s OPTIMA est un po\u00eale \u00e0 granul\u00e9s haute performance au design \u00e9l\u00e9gant.<\/strong><\/p>\n<p><strong>REMARQUE : LA COULEUR DU MOD\u00c8LE EN VENTE EST LE BLEU.<\/strong><\/p>\n","protected":false},"featured_media":6157,"comment_status":"closed","ping_status":"closed","template":"","meta":{"site-sidebar-layout":"default","site-content-layout":"","ast-site-content-layout":"default","site-content-style":"default","site-sidebar-style":"default","ast-global-header-display":"","ast-banner-title-visibility":"","ast-main-header-display":"","ast-hfb-above-header-display":"","ast-hfb-below-header-display":"","ast-hfb-mobile-header-display":"","site-post-title":"","ast-breadcrumbs-content":"","ast-featured-img":"","footer-sml-layout":"","theme-transparent-header-meta":"default","adv-header-id-meta":"","stick-header-meta":"","header-above-stick-meta":"","header-main-stick-meta":"","header-below-stick-meta":"","astra-migrate-meta-layouts":"default","ast-page-background-enabled":"default","ast-page-background-meta":{"desktop":{"background-color":"","background-image":"","background-repeat":"repeat","background-position":"center center","background-size":"auto","background-attachment":"scroll","background-type":"","background-media":"","overlay-type":"","overlay-color":"","overlay-opacity":"","overlay-gradient":""},"tablet":{"background-color":"","background-image":"","background-repeat":"repeat","background-position":"center center","background-size":"auto","background-attachment":"scroll","background-type":"","background-media":"","overlay-type":"","overlay-color":"","overlay-opacity":"","overlay-gradient":""},"mobile":{"background-color":"","background-image":"","background-repeat":"repeat","background-position":"center center","background-size":"auto","background-attachment":"scroll","background-type":"","background-media":"","overlay-type":"","overlay-color":"","overlay-opacity":"","overlay-gradient":""}},"ast-content-background-meta":{"desktop":{"background-color":"var(--ast-global-color-5)","background-image":"","background-repeat":"repeat","background-position":"center center","background-size":"auto","background-attachment":"scroll","background-type":"","background-media":"","overlay-type":"","overlay-color":"","overlay-opacity":"","overlay-gradient":""},"tablet":{"background-color":"var(--ast-global-color-5)","background-image":"","background-repeat":"repeat","background-position":"center center","background-size":"auto","background-attachment":"scroll","background-type":"","background-media":"","overlay-type":"","overlay-color":"","overlay-opacity":"","overlay-gradient":""},"mobile":{"background-color":"var(--ast-global-color-5)","background-image":"","background-repeat":"repeat","background-position":"center center","background-size":"auto","background-attachment":"scroll","background-type":"","background-media":"","overlay-type":"","overlay-color":"","overlay-opacity":"","overlay-gradient":""}}},"pwb-brand":[],"product_brand":[],"product_cat":[211,212,134],"product_tag":[165],"class_list":{"0":"post-6667","1":"product","2":"type-product","3":"status-publish","4":"has-post-thumbnail","6":"product_cat-granule","7":"product_cat-poeles-fr-2","8":"product_cat-offres","9":"product_tag-km0-demonstration-ou-dexposition","10":"desktop-align-left","11":"tablet-align-left","12":"mobile-align-left","14":"first","15":"instock","16":"shipping-taxable","17":"purchasable","18":"product-type-simple"},"brands":[],"_links":{"self":[{"href":"https:\/\/topfoc.com\/fr\/wp-json\/wp\/v2\/product\/6667","targetHints":{"allow":["GET"]}}],"collection":[{"href":"https:\/\/topfoc.com\/fr\/wp-json\/wp\/v2\/product"}],"about":[{"href":"https:\/\/topfoc.com\/fr\/wp-json\/wp\/v2\/types\/product"}],"replies":[{"embeddable":true,"href":"https:\/\/topfoc.com\/fr\/wp-json\/wp\/v2\/comments?post=6667"}],"version-history":[{"count":0,"href":"https:\/\/topfoc.com\/fr\/wp-json\/wp\/v2\/product\/6667\/revisions"}],"wp:featuredmedia":[{"embeddable":true,"href":"https:\/\/topfoc.com\/fr\/wp-json\/wp\/v2\/media\/6157"}],"wp:attachment":[{"href":"https:\/\/topfoc.com\/fr\/wp-json\/wp\/v2\/media?parent=6667"}],"wp:term":[{"taxonomy":"pwb-brand","embeddable":true,"href":"https:\/\/topfoc.com\/fr\/wp-json\/wp\/v2\/pwb-brand?post=6667"},{"taxonomy":"product_brand","embeddable":true,"href":"https:\/\/topfoc.com\/fr\/wp-json\/wp\/v2\/product_brand?post=6667"},{"taxonomy":"product_cat","embeddable":true,"href":"https:\/\/topfoc.com\/fr\/wp-json\/wp\/v2\/product_cat?post=6667"},{"taxonomy":"product_tag","embeddable":true,"href":"https:\/\/topfoc.com\/fr\/wp-json\/wp\/v2\/product_tag?post=6667"}],"curies":[{"name":"wp","href":"https:\/\/api.w.org\/{rel}","templated":true}]}}