{"id":6682,"date":"2024-02-21T17:56:35","date_gmt":"2024-02-21T16:56:35","guid":{"rendered":"https:\/\/topfoc.com\/catalogo\/non class\u00e9\/adour-500-cassette-bois\/"},"modified":"2024-02-21T17:56:35","modified_gmt":"2024-02-21T16:56:35","slug":"adour-500-cassette-bois","status":"publish","type":"product","link":"https:\/\/topfoc.com\/fr\/tienda\/catalogue\/feux-de-bois\/cassettes-fr\/adour-500-cassette-bois\/","title":{"rendered":"Adour-500 Cassette Bois"},"content":{"rendered":"<p data-sourcepos=\"5:1-5:20\"><strong>Caract\u00e9ristiques:<\/strong><\/p>\n<ul data-sourcepos=\"7:1-10:23\">\n<li data-sourcepos=\"7:1-7:28\"><strong>Puissance nominale :<\/strong> 4-7 kW<\/li>\n<li data-sourcepos=\"8:1-8:22\"><strong>Rendement :<\/strong> 77%<\/li>\n<li data-sourcepos=\"9:1-9:30\"><strong>Rendement \u00e9nerg\u00e9tique:<\/strong> \u00c0<\/li>\n<li data-sourcepos=\"10:1-10:23\"><strong>Combustible:<\/strong> Bois \u00e0 br\u00fbler<\/li>\n<li data-sourcepos=\"11:1-11:31\"><strong>Sortie de fum\u00e9e :<\/strong> Sup\u00e9rieur<\/li>\n<li data-sourcepos=\"12:1-12:21\"><strong>Mat\u00e9riel:<\/strong> Acier<\/li>\n<li data-sourcepos=\"13:1-13:37\"><strong>Dimensions :<\/strong> 490 x 490 x 400 mm<\/li>\n<li data-sourcepos=\"14:1-14:18\"><strong>Poids :<\/strong> 65 kg<\/li>\n<li data-sourcepos=\"15:1-16:0\"><strong>Combustible:<\/strong> B\u00fbches jusqu\u2019\u00e0 400 mm<\/li>\n<\/ul>\n<p data-sourcepos=\"17:1-17:13\"><strong>Avantages:<\/strong><\/p>\n<ul data-sourcepos=\"19:1-22:45\">\n<li data-sourcepos=\"19:1-19:135\"><strong>Haute performance :<\/strong> L\u2019Adour-500 a un rendement de 77 %, ce qui signifie qu\u2019il tire le meilleur parti de l\u2019\u00e9nergie contenue dans le carburant.<\/li>\n<li data-sourcepos=\"20:1-20:154\"><strong>Rendement \u00e9nerg\u00e9tique:<\/strong> L\u2019insert est class\u00e9 A, ce qui signifie qu\u2019il offre une plus grande rentabilit\u00e9 des charges de bois de chauffage.<\/li>\n<li data-sourcepos=\"21:1-21:108\"><strong>Design \u00e9l\u00e9gant :<\/strong> L\u2019Adour-500 a un design \u00e9l\u00e9gant et moderne qui s\u2019int\u00e8gre dans n\u2019importe quel environnement.<\/li>\n<li data-sourcepos=\"22:1-22:45\"><strong>Grande capacit\u00e9 de chauffage&nbsp;:<\/strong> L\u2019insert peut chauffer des espaces jusqu\u2019\u00e0 50 m\u00e8tres carr\u00e9s.<\/li>\n<li data-sourcepos=\"23:1-23:62\"><strong>Facile \u00e0 utiliser :<\/strong> L\u2019Adour-500 est facile \u00e0 utiliser et \u00e0 entretenir.<\/li>\n<li data-sourcepos=\"24:1-24:123\"><strong>Syst\u00e8me \u00e0 double combustion :<\/strong> Il permet une combustion plus compl\u00e8te et plus efficace, r\u00e9duisant les \u00e9missions polluantes.<\/li>\n<li data-sourcepos=\"25:1-25:84\"><strong>Verre vitroc\u00e9ramique r\u00e9sistant \u00e0 la chaleur :<\/strong> Il offre une large vue sur le feu.<\/li>\n<li data-sourcepos=\"26:1-27:0\"><strong>Syst\u00e8me de r\u00e9gulation de l\u2019air de combustion :<\/strong> Il permet de contr\u00f4ler l\u2019intensit\u00e9 de la flamme.<\/li>\n<\/ul>\n","protected":false},"excerpt":{"rendered":"<p><strong>L\u2019Adour-500 de Lacunza est un insert \u00e0 bois plus petit et performant au design \u00e9l\u00e9gant, id\u00e9al pour chauffer des espaces jusqu\u2019\u00e0 50 m\u00e8tres carr\u00e9s.<\/strong><\/p>\n","protected":false},"featured_media":6109,"comment_status":"closed","ping_status":"closed","template":"","meta":{"site-sidebar-layout":"default","site-content-layout":"","ast-site-content-layout":"default","site-content-style":"default","site-sidebar-style":"default","ast-global-header-display":"","ast-banner-title-visibility":"","ast-main-header-display":"","ast-hfb-above-header-display":"","ast-hfb-below-header-display":"","ast-hfb-mobile-header-display":"","site-post-title":"","ast-breadcrumbs-content":"","ast-featured-img":"","footer-sml-layout":"","theme-transparent-header-meta":"default","adv-header-id-meta":"","stick-header-meta":"","header-above-stick-meta":"","header-main-stick-meta":"","header-below-stick-meta":"","astra-migrate-meta-layouts":"default","ast-page-background-enabled":"default","ast-page-background-meta":{"desktop":{"background-color":"","background-image":"","background-repeat":"repeat","background-position":"center center","background-size":"auto","background-attachment":"scroll","background-type":"","background-media":"","overlay-type":"","overlay-color":"","overlay-opacity":"","overlay-gradient":""},"tablet":{"background-color":"","background-image":"","background-repeat":"repeat","background-position":"center center","background-size":"auto","background-attachment":"scroll","background-type":"","background-media":"","overlay-type":"","overlay-color":"","overlay-opacity":"","overlay-gradient":""},"mobile":{"background-color":"","background-image":"","background-repeat":"repeat","background-position":"center center","background-size":"auto","background-attachment":"scroll","background-type":"","background-media":"","overlay-type":"","overlay-color":"","overlay-opacity":"","overlay-gradient":""}},"ast-content-background-meta":{"desktop":{"background-color":"var(--ast-global-color-5)","background-image":"","background-repeat":"repeat","background-position":"center center","background-size":"auto","background-attachment":"scroll","background-type":"","background-media":"","overlay-type":"","overlay-color":"","overlay-opacity":"","overlay-gradient":""},"tablet":{"background-color":"var(--ast-global-color-5)","background-image":"","background-repeat":"repeat","background-position":"center center","background-size":"auto","background-attachment":"scroll","background-type":"","background-media":"","overlay-type":"","overlay-color":"","overlay-opacity":"","overlay-gradient":""},"mobile":{"background-color":"var(--ast-global-color-5)","background-image":"","background-repeat":"repeat","background-position":"center center","background-size":"auto","background-attachment":"scroll","background-type":"","background-media":"","overlay-type":"","overlay-color":"","overlay-opacity":"","overlay-gradient":""}}},"pwb-brand":[75],"product_brand":[],"product_cat":[162,117,126],"product_tag":[],"class_list":{"0":"post-6682","1":"product","2":"type-product","3":"status-publish","4":"has-post-thumbnail","6":"pwb-brand-lacunza","7":"product_cat-cassettes-fr","8":"product_cat-catalogue","9":"product_cat-feux-de-bois","10":"desktop-align-left","11":"tablet-align-left","12":"mobile-align-left","14":"first","15":"instock","16":"shipping-taxable","17":"product-type-simple"},"brands":[{"id":75,"name":"LACUNZA","slug":"lacunza"}],"_links":{"self":[{"href":"https:\/\/topfoc.com\/fr\/wp-json\/wp\/v2\/product\/6682","targetHints":{"allow":["GET"]}}],"collection":[{"href":"https:\/\/topfoc.com\/fr\/wp-json\/wp\/v2\/product"}],"about":[{"href":"https:\/\/topfoc.com\/fr\/wp-json\/wp\/v2\/types\/product"}],"replies":[{"embeddable":true,"href":"https:\/\/topfoc.com\/fr\/wp-json\/wp\/v2\/comments?post=6682"}],"version-history":[{"count":0,"href":"https:\/\/topfoc.com\/fr\/wp-json\/wp\/v2\/product\/6682\/revisions"}],"wp:featuredmedia":[{"embeddable":true,"href":"https:\/\/topfoc.com\/fr\/wp-json\/wp\/v2\/media\/6109"}],"wp:attachment":[{"href":"https:\/\/topfoc.com\/fr\/wp-json\/wp\/v2\/media?parent=6682"}],"wp:term":[{"taxonomy":"pwb-brand","embeddable":true,"href":"https:\/\/topfoc.com\/fr\/wp-json\/wp\/v2\/pwb-brand?post=6682"},{"taxonomy":"product_brand","embeddable":true,"href":"https:\/\/topfoc.com\/fr\/wp-json\/wp\/v2\/product_brand?post=6682"},{"taxonomy":"product_cat","embeddable":true,"href":"https:\/\/topfoc.com\/fr\/wp-json\/wp\/v2\/product_cat?post=6682"},{"taxonomy":"product_tag","embeddable":true,"href":"https:\/\/topfoc.com\/fr\/wp-json\/wp\/v2\/product_tag?post=6682"}],"curies":[{"name":"wp","href":"https:\/\/api.w.org\/{rel}","templated":true}]}}