{"id":6722,"date":"2024-02-21T16:22:48","date_gmt":"2024-02-21T15:22:48","guid":{"rendered":"https:\/\/topfoc.com\/catalogo\/non class\u00e9\/poele-a-bois-atlantic-613-avec-bucher\/"},"modified":"2024-02-21T16:22:48","modified_gmt":"2024-02-21T15:22:48","slug":"poele-a-bois-atlantic-613-avec-bucher","status":"publish","type":"product","link":"https:\/\/topfoc.com\/fr\/tienda\/catalogue\/feux-de-bois\/poeles-bois\/poele-a-bois-atlantic-613-avec-bucher\/","title":{"rendered":"Po\u00eale \u00e0 bois Atlantic 613 avec b\u00fbcher"},"content":{"rendered":"<p data-sourcepos=\"5:1-5:20\"><strong>Caract\u00e9ristiques:<\/strong><\/p>\n<ul data-sourcepos=\"7:1-9:31\">\n<li data-sourcepos=\"7:1-7:29\"><strong>Puissance nominale :<\/strong> 11 kW<\/li>\n<li data-sourcepos=\"8:1-8:22\"><strong>Rendement :<\/strong> 82,5 %<\/li>\n<li data-sourcepos=\"9:1-9:31\"><strong>Rendement \u00e9nerg\u00e9tique:<\/strong> A+<\/li>\n<li data-sourcepos=\"10:1-10:23\"><strong>Combustible:<\/strong> Bois \u00e0 br\u00fbler<\/li>\n<li data-sourcepos=\"11:1-11:31\"><strong>Sortie de fum\u00e9e :<\/strong> Sup\u00e9rieur<\/li>\n<li data-sourcepos=\"12:1-12:21\"><strong>Mat\u00e9riel:<\/strong> Acier<\/li>\n<li data-sourcepos=\"13:1-13:22\"><strong>Dimensions du m\u00e9nage :<\/strong> 530 x 470 x 280 mm<\/li>\n<li data-sourcepos=\"13:1-13:22\"><strong>Dimensions hors tout : <\/strong>1100 x 600 x 400<\/li>\n<li data-sourcepos=\"14:1-14:18\"><strong>Poids :<\/strong> 125 kg<\/li>\n<li data-sourcepos=\"16:1-17:0\"><strong>Combustible:<\/strong> Grumes jusqu\u2019\u00e0 500 mm<\/li>\n<\/ul>\n<p data-sourcepos=\"18:1-18:13\"><strong>Avantages:<\/strong><\/p>\n<ul data-sourcepos=\"20:1-22:41\">\n<li data-sourcepos=\"20:1-20:145\"><strong>Haute performance :<\/strong> Le po\u00eale Atlantic 613 a un rendement de 82,5 %, ce qui signifie qu\u2019il tire le meilleur parti de l\u2019\u00e9nergie contenue dans le combustible.<\/li>\n<li data-sourcepos=\"21:1-21:151\"><strong>Rendement \u00e9nerg\u00e9tique:<\/strong> Le po\u00eale est class\u00e9 A+, offrant les meilleures performances.<\/li>\n<li data-sourcepos=\"22:1-22:41\"><strong>Design \u00e9l\u00e9gant :<\/strong> Le po\u00eale Atlantic 613 a un design \u00e9l\u00e9gant et moderne qui s\u2019int\u00e8gre dans n\u2019importe quel environnement.<\/li>\n<li data-sourcepos=\"23:1-23:99\"><strong>Grande capacit\u00e9 de chauffage&nbsp;:<\/strong> Le po\u00eale peut chauffer des espaces de 98 m2.<\/li>\n<li data-sourcepos=\"25:1-25:72\"><strong>Facile \u00e0 utiliser :<\/strong> Le po\u00eale Atlantic 613 est facile \u00e0 utiliser et \u00e0 entretenir.<\/li>\n<li data-sourcepos=\"26:1-26:123\"><strong>Syst\u00e8me \u00e0 double combustion :<\/strong> Il permet une combustion plus compl\u00e8te et plus efficace, r\u00e9duisant les \u00e9missions polluantes.<\/li>\n<li data-sourcepos=\"27:1-27:84\"><strong>Verre vitroc\u00e9ramique r\u00e9sistant \u00e0 la chaleur :<\/strong> Il offre une large vue sur le feu.<\/li>\n<li data-sourcepos=\"28:1-29:0\"><strong>Syst\u00e8me de r\u00e9gulation de l\u2019air de combustion :<\/strong> Il permet de contr\u00f4ler l\u2019intensit\u00e9 de la flamme.<\/li>\n<\/ul>\n","protected":false},"excerpt":{"rendered":"<p><strong>Le po\u00eale Atlantic 613 avec b\u00fbcher de Lacunza est un po\u00eale \u00e0 bois performant au design \u00e9l\u00e9gant, id\u00e9al pour chauffer des espaces de 98 m2.<\/strong><\/p>\n","protected":false},"featured_media":6094,"comment_status":"closed","ping_status":"closed","template":"","meta":{"site-sidebar-layout":"default","site-content-layout":"","ast-site-content-layout":"default","site-content-style":"default","site-sidebar-style":"default","ast-global-header-display":"","ast-banner-title-visibility":"","ast-main-header-display":"","ast-hfb-above-header-display":"","ast-hfb-below-header-display":"","ast-hfb-mobile-header-display":"","site-post-title":"","ast-breadcrumbs-content":"","ast-featured-img":"","footer-sml-layout":"","theme-transparent-header-meta":"default","adv-header-id-meta":"","stick-header-meta":"","header-above-stick-meta":"","header-main-stick-meta":"","header-below-stick-meta":"","astra-migrate-meta-layouts":"default","ast-page-background-enabled":"default","ast-page-background-meta":{"desktop":{"background-color":"","background-image":"","background-repeat":"repeat","background-position":"center center","background-size":"auto","background-attachment":"scroll","background-type":"","background-media":"","overlay-type":"","overlay-color":"","overlay-opacity":"","overlay-gradient":""},"tablet":{"background-color":"","background-image":"","background-repeat":"repeat","background-position":"center center","background-size":"auto","background-attachment":"scroll","background-type":"","background-media":"","overlay-type":"","overlay-color":"","overlay-opacity":"","overlay-gradient":""},"mobile":{"background-color":"","background-image":"","background-repeat":"repeat","background-position":"center center","background-size":"auto","background-attachment":"scroll","background-type":"","background-media":"","overlay-type":"","overlay-color":"","overlay-opacity":"","overlay-gradient":""}},"ast-content-background-meta":{"desktop":{"background-color":"var(--ast-global-color-5)","background-image":"","background-repeat":"repeat","background-position":"center center","background-size":"auto","background-attachment":"scroll","background-type":"","background-media":"","overlay-type":"","overlay-color":"","overlay-opacity":"","overlay-gradient":""},"tablet":{"background-color":"var(--ast-global-color-5)","background-image":"","background-repeat":"repeat","background-position":"center center","background-size":"auto","background-attachment":"scroll","background-type":"","background-media":"","overlay-type":"","overlay-color":"","overlay-opacity":"","overlay-gradient":""},"mobile":{"background-color":"var(--ast-global-color-5)","background-image":"","background-repeat":"repeat","background-position":"center center","background-size":"auto","background-attachment":"scroll","background-type":"","background-media":"","overlay-type":"","overlay-color":"","overlay-opacity":"","overlay-gradient":""}}},"pwb-brand":[75],"product_brand":[],"product_cat":[117,126,156],"product_tag":[],"class_list":{"0":"post-6722","1":"product","2":"type-product","3":"status-publish","4":"has-post-thumbnail","6":"pwb-brand-lacunza","7":"product_cat-catalogue","8":"product_cat-feux-de-bois","9":"product_cat-poeles-bois","10":"desktop-align-left","11":"tablet-align-left","12":"mobile-align-left","14":"first","15":"instock","16":"shipping-taxable","17":"product-type-simple"},"brands":[{"id":75,"name":"LACUNZA","slug":"lacunza"}],"_links":{"self":[{"href":"https:\/\/topfoc.com\/fr\/wp-json\/wp\/v2\/product\/6722","targetHints":{"allow":["GET"]}}],"collection":[{"href":"https:\/\/topfoc.com\/fr\/wp-json\/wp\/v2\/product"}],"about":[{"href":"https:\/\/topfoc.com\/fr\/wp-json\/wp\/v2\/types\/product"}],"replies":[{"embeddable":true,"href":"https:\/\/topfoc.com\/fr\/wp-json\/wp\/v2\/comments?post=6722"}],"version-history":[{"count":0,"href":"https:\/\/topfoc.com\/fr\/wp-json\/wp\/v2\/product\/6722\/revisions"}],"wp:featuredmedia":[{"embeddable":true,"href":"https:\/\/topfoc.com\/fr\/wp-json\/wp\/v2\/media\/6094"}],"wp:attachment":[{"href":"https:\/\/topfoc.com\/fr\/wp-json\/wp\/v2\/media?parent=6722"}],"wp:term":[{"taxonomy":"pwb-brand","embeddable":true,"href":"https:\/\/topfoc.com\/fr\/wp-json\/wp\/v2\/pwb-brand?post=6722"},{"taxonomy":"product_brand","embeddable":true,"href":"https:\/\/topfoc.com\/fr\/wp-json\/wp\/v2\/product_brand?post=6722"},{"taxonomy":"product_cat","embeddable":true,"href":"https:\/\/topfoc.com\/fr\/wp-json\/wp\/v2\/product_cat?post=6722"},{"taxonomy":"product_tag","embeddable":true,"href":"https:\/\/topfoc.com\/fr\/wp-json\/wp\/v2\/product_tag?post=6722"}],"curies":[{"name":"wp","href":"https:\/\/api.w.org\/{rel}","templated":true}]}}